{"id":160,"date":"2020-10-08T19:16:49","date_gmt":"2020-10-08T19:16:49","guid":{"rendered":"http:\/\/samsara.grabensia.hu\/?page_id=160"},"modified":"2020-10-09T11:14:37","modified_gmt":"2020-10-09T11:14:37","slug":"kapcsolat","status":"publish","type":"page","link":"https:\/\/samsara.grabensia.hu\/en\/kapcsolat\/","title":{"rendered":"Contact"},"content":{"rendered":"<div id=\"modal-ready\"><h3>Contact<\/h3>\n<h3>\n\t\t\t\t\t(518) 399-4188<\/h3>\n<p><strong>C\u00edm: <\/strong>3067 Gar\u00e1b, Pet\u0151fi \u00fat 41.<\/p>\n<p><strong>Email:<\/strong> email@samsara.grabensia.hu<\/p>\n<\/div>","protected":false},"excerpt":{"rendered":"<p>Kapcsolat (518) 399-4188 C\u00edm: 3067 Gar\u00e1b, Pet\u0151fi \u00fat 41. Email: email@samsara.grabensia.hu<\/p>","protected":false},"author":5,"featured_media":0,"parent":0,"menu_order":0,"comment_status":"closed","ping_status":"closed","template":"elementor_header_footer","meta":{"_et_pb_use_builder":"","_et_pb_old_content":"","_et_gb_content_width":"","inline_featured_image":false,"footnotes":""},"class_list":["post-160","page","type-page","status-publish","hentry"],"_links":{"self":[{"href":"https:\/\/samsara.grabensia.hu\/en\/wp-json\/wp\/v2\/pages\/160","targetHints":{"allow":["GET"]}}],"collection":[{"href":"https:\/\/samsara.grabensia.hu\/en\/wp-json\/wp\/v2\/pages"}],"about":[{"href":"https:\/\/samsara.grabensia.hu\/en\/wp-json\/wp\/v2\/types\/page"}],"author":[{"embeddable":true,"href":"https:\/\/samsara.grabensia.hu\/en\/wp-json\/wp\/v2\/users\/5"}],"replies":[{"embeddable":true,"href":"https:\/\/samsara.grabensia.hu\/en\/wp-json\/wp\/v2\/comments?post=160"}],"version-history":[{"count":5,"href":"https:\/\/samsara.grabensia.hu\/en\/wp-json\/wp\/v2\/pages\/160\/revisions"}],"predecessor-version":[{"id":215,"href":"https:\/\/samsara.grabensia.hu\/en\/wp-json\/wp\/v2\/pages\/160\/revisions\/215"}],"wp:attachment":[{"href":"https:\/\/samsara.grabensia.hu\/en\/wp-json\/wp\/v2\/media?parent=160"}],"curies":[{"name":"wp","href":"https:\/\/api.w.org\/{rel}","templated":true}]}}